{"id":19,"date":"2024-07-18T07:34:12","date_gmt":"2024-07-18T07:34:12","guid":{"rendered":"https:\/\/www.harammusic.com\/?page_id=19"},"modified":"2024-07-18T07:34:13","modified_gmt":"2024-07-18T07:34:13","slug":"news","status":"publish","type":"page","link":"http:\/\/www.harammusic.com\/?page_id=19","title":{"rendered":"News"},"content":{"rendered":"\n<h2 class=\"wp-block-heading\">S\u00f3ley &#8211; Mother Melancholia<\/h2>\n\n\n\n<p><strong>10.20.2021<\/strong><\/p>\n\n\n\n<p>With three solo LPs under her belt, Icelandic musician s\u00f3ley, is back with&nbsp;Mother Melancholia.&nbsp;This new concept album sees s\u00f3ley moving away from indie-pop to create the soundtrack to the end of the world as we know it. Using an accordion to begin writing many of the songs, she was able to experiment with a whole new range of new and exciting sounds. The album chronicles the end of the world culminating with Earth\u2019s final moments. Mother Melancholia is finds the artist confidently exploring new sonic territory with the aim of expressing the real person inside of her. The music might be shrouded in darkness, but this is a move that fills her with joy and light.<\/p>\n\n\n\n<h2 class=\"wp-block-heading\">New Wedding Dress Record<\/h2>\n\n\n\n<p><strong>08.31.2020<\/strong><\/p>\n\n\n\n<p>Excited to announce a new record from our friends in Wedding Dress.&nbsp;<em>The Flood Feeling<\/em>&nbsp;is Erin Elders first proper record since leaving Maps &amp; Atlases and features contributions from mainstays Chris Dye (Chin Up Chin Up) and Matthew Lemke (Wet Mouth), as well as Geoff Farina (Karate), Nathan Snydecker (Chin Up Chin Up), Mike Russell (Campdogzz), Adam Mohundro (Tinkerbelles), Angela Mullenhour (Touched by Ghoul), and Marie-Claire Balabanian (Speck Mountain).&nbsp;<em>The Flood Feeling&nbsp;<\/em>is a digtal release for now.<em>&nbsp;<\/em><\/p>\n\n\n\n<h2 class=\"wp-block-heading\">Des Ark Shows with Team Dresch!<\/h2>\n\n\n\n<p><strong>09.01.2019<\/strong><\/p>\n\n\n\n<p>Des Ark will be playing their first shows in over 3 years opening up for Team Dresch. The band this time includes&nbsp;Ashley Arnwine (Pinkwash, Waxahatchee), and brothers Chris Taylor and Mike Taylor (Pg.99, Pygmy Lush)\u201d.<br><br>9\/29 &#8211;&nbsp; &nbsp; Washington , DC @ Black Cat<br>10\/01 &#8211; &nbsp;Jersey City, NJ @ Monty Hall<br>10\/02 &#8211; &nbsp;NYC, NY @ Le Poisson Rouge<br>10-03 &#8211;&nbsp; Philadelphia, PA @ Union Transfer<br>10\/07 &#8211; &nbsp;Durham, NC @ Motorco<\/p>\n\n\n\n<h2 class=\"wp-block-heading\">Trupa Trupa!<\/h2>\n\n\n\n<p><strong>06.02.2019<\/strong><\/p>\n\n\n\n<p>Fall is heating up.&nbsp;We are pumped to announce that we will be release Polish based Trupa Trupa\u2019s newest record this fall. &nbsp;The band blew us&nbsp;away at this year\u2019s Iceland Airwaves and have gone on to build amazing press and release a stellar single with Sub Pop. &nbsp;The new full length is&nbsp;12 darkly layered and nuanced anthems all recorded, produced and mixed by Michal Kupicz in Gda\u00c5\u201esk&#8217;s Custom 34 studios.&nbsp;&nbsp;<br><br>Of The Sun will be out on September 13th, released in Europe with our friends at Glitterbeat Records, in Japan with Moorworks Records and in Poland with&nbsp;Antena Krzyku Records.&nbsp;More news and&nbsp;tour dates to follow.<br><br>\u201cTrupa Trupa are an art rock band from Gdansk. Fusing elements of post-hardcore, no wave and psychedelia, the four-piece exude a restless energy that bears the hallmarks of Fugazi\u2019s uncompromising punk ethos\u2026the band weave absurd&nbsp;lyrics through liquifying guitar riffs, angular bass lines and concise percussion.\u201d &#8212; The Wire<\/p>\n\n\n\n<p>June 6 &nbsp;&#8211; United Island Festival, Prague&nbsp;<br>Sept 24 &#8211; &nbsp;Paard, The Hague<br>Sept 25 &#8211; &nbsp;Point Eph\u00e9m\u00e8re, Paris<br>Sept 27 &#8211; Corsica Studios, London<br>October 8 &#8211; &nbsp;Union Pool, Brooklyn<br>October 9 &#8211; &nbsp;Pie Shop, Washington D.C.<\/p>\n\n\n\n<h2 class=\"wp-block-heading\">The Mercury Program\u00e2\u20ac\u2122s A Data Learn the Language Reissue on 2xLP.<\/h2>\n\n\n\n<p><strong>09.18.2018<\/strong><\/p>\n\n\n\n<p>On November 2nd, we will reissue The Mercury Program\u2019s third full-length&nbsp;A Data Learn the Language&nbsp;on 2xLP.<\/p>\n\n\n\n<p>Long out of print and extremely hard to find on wax, the record has been recut by Bob Weston at Chicago Mastering Service and will be pressed on colored vinyl with a gatefold sleeve. To celebrate the release, the band will head&nbsp;out for two weeks worth of concert dates across the East coast. These shows will include two full sets \u2014 the first set consists of songs drawn from&nbsp;Chez Viking&nbsp;(2009) and&nbsp;New Myths&nbsp;(2016), followed by a second set featuring of&nbsp;A&nbsp;Data Learn the Language&nbsp;performed in its entirety.<\/p>\n\n\n\n<p>Some background: originally released in 2002 on CD by Tiger Style, the vinyl version of&nbsp;A Data Learn the Language&nbsp;was left to Counterflow Records. However, as that label became caught up in legal and financial difficulties, the&nbsp;bulk of the pressing mysteriously disappeared. Fewer than 100 copies wound up making it into circulation.&nbsp;<\/p>\n\n\n\n<p><strong>THE MERCURY PROGRAM ON TOUR&nbsp;<\/strong><\/p>\n\n\n\n<p>11.08 &#8211; West Palm Beach, FL @ Voltaire&nbsp;<\/p>\n\n\n\n<p>11.09 &#8211; Tampa, FL @ Crowbar<\/p>\n\n\n\n<p>11.10 &#8211; Gainesville, FL @ The Wooly<\/p>\n\n\n\n<p>11.11 &#8211; Pensacola, FL @ Cubed Luminous (Fest)<\/p>\n\n\n\n<p>11.12 &#8211; Atlanta, GA @ The Earl *<\/p>\n\n\n\n<p>11.13 &#8211; Chapel Hill @ Cat&#8217;s Cradle *<\/p>\n\n\n\n<p>11.14 &#8211; Richmond, VA @ Gallery 5 *<\/p>\n\n\n\n<p>11.15 &#8211; Brooklyn, NY @ Brooklyn Bazaar<\/p>\n\n\n\n<p>11.16 &#8211; Philadelphia, PA @ Johnny Brenda&#8217;s<\/p>\n\n\n\n<p>11.17 &#8211; Washington, DC @ Comet Ping Pong w\/ TK Echo<\/p>\n","protected":false},"excerpt":{"rendered":"<p>S\u00f3ley &#8211; Mother Melancholia 10.20.2021 With three solo LPs under her belt, Icelandic musician s\u00f3ley, is back with&nbsp;Mother Melancholia.&nbsp;This new concept album sees s\u00f3ley moving away from indie-pop to create the soundtrack to the end of the world as we know it. Using an accordion to begin writing many of the songs, she was able [&hellip;]<\/p>\n","protected":false},"author":1,"featured_media":0,"parent":0,"menu_order":0,"comment_status":"closed","ping_status":"closed","template":"","meta":{"footnotes":""},"class_list":["post-19","page","type-page","status-publish","hentry"],"_links":{"self":[{"href":"http:\/\/www.harammusic.com\/index.php?rest_route=\/wp\/v2\/pages\/19","targetHints":{"allow":["GET"]}}],"collection":[{"href":"http:\/\/www.harammusic.com\/index.php?rest_route=\/wp\/v2\/pages"}],"about":[{"href":"http:\/\/www.harammusic.com\/index.php?rest_route=\/wp\/v2\/types\/page"}],"author":[{"embeddable":true,"href":"http:\/\/www.harammusic.com\/index.php?rest_route=\/wp\/v2\/users\/1"}],"replies":[{"embeddable":true,"href":"http:\/\/www.harammusic.com\/index.php?rest_route=%2Fwp%2Fv2%2Fcomments&post=19"}],"version-history":[{"count":1,"href":"http:\/\/www.harammusic.com\/index.php?rest_route=\/wp\/v2\/pages\/19\/revisions"}],"predecessor-version":[{"id":20,"href":"http:\/\/www.harammusic.com\/index.php?rest_route=\/wp\/v2\/pages\/19\/revisions\/20"}],"wp:attachment":[{"href":"http:\/\/www.harammusic.com\/index.php?rest_route=%2Fwp%2Fv2%2Fmedia&parent=19"}],"curies":[{"name":"wp","href":"https:\/\/api.w.org\/{rel}","templated":true}]}}